

{"id":937,"date":"2022-01-10T13:49:59","date_gmt":"2022-01-10T13:49:59","guid":{"rendered":"https:\/\/prosisa.es\/entreprise\/"},"modified":"2022-01-10T13:57:03","modified_gmt":"2022-01-10T13:57:03","slug":"entreprise","status":"publish","type":"page","link":"https:\/\/prosisa.es\/fr\/entreprise\/","title":{"rendered":"Entreprise"},"content":{"rendered":"\t\t<div data-elementor-type=\"wp-page\" data-elementor-id=\"937\" class=\"elementor elementor-937 elementor-457\" data-elementor-post-type=\"page\">\n\t\t\t\t\t\t<section class=\"elementor-section elementor-top-section elementor-element elementor-element-15bc9aaa elementor-section-height-min-height elementor-section-stretched elementor-section-boxed elementor-section-height-default elementor-section-items-middle\" data-id=\"15bc9aaa\" data-element_type=\"section\" data-settings=\"{&quot;stretch_section&quot;:&quot;section-stretched&quot;,&quot;background_background&quot;:&quot;classic&quot;}\">\n\t\t\t\t\t\t\t<div class=\"elementor-background-overlay\"><\/div>\n\t\t\t\t\t\t\t<div class=\"elementor-container elementor-column-gap-default\">\n\t\t\t\t\t<div class=\"elementor-column elementor-col-100 elementor-top-column elementor-element elementor-element-8120d7\" data-id=\"8120d7\" data-element_type=\"column\">\n\t\t\t<div class=\"elementor-widget-wrap elementor-element-populated\">\n\t\t\t\t\t\t<div class=\"elementor-element elementor-element-9c11fef animated-slow elementor-invisible elementor-widget elementor-widget-heading\" data-id=\"9c11fef\" data-element_type=\"widget\" data-settings=\"{&quot;_animation&quot;:&quot;fadeIn&quot;}\" data-widget_type=\"heading.default\">\n\t\t\t\t<div class=\"elementor-widget-container\">\n\t\t\t<h1 class=\"elementor-heading-title elementor-size-default\">Entreprise<\/h1>\t\t<\/div>\n\t\t\t\t<\/div>\n\t\t\t\t\t<\/div>\n\t\t<\/div>\n\t\t\t\t\t<\/div>\n\t\t<\/section>\n\t\t\t\t<section class=\"elementor-section elementor-top-section elementor-element elementor-element-85c9c93 elementor-section-boxed elementor-section-height-default elementor-section-height-default\" data-id=\"85c9c93\" data-element_type=\"section\">\n\t\t\t\t\t\t<div class=\"elementor-container elementor-column-gap-default\">\n\t\t\t\t\t<div class=\"elementor-column elementor-col-100 elementor-top-column elementor-element elementor-element-cc0014c\" data-id=\"cc0014c\" data-element_type=\"column\">\n\t\t\t<div class=\"elementor-widget-wrap elementor-element-populated\">\n\t\t\t\t\t\t<div class=\"elementor-element elementor-element-239cb53 elementor-widget elementor-widget-text-editor\" data-id=\"239cb53\" data-element_type=\"widget\" data-widget_type=\"text-editor.default\">\n\t\t\t\t<div class=\"elementor-widget-container\">\n\t\t\t\t\t\t\t<p><strong><span style=\"color: #e31d1a;\">PROSISA EUROPA SL<\/span><\/strong> a \u00e9t\u00e9 fond\u00e9e en 2007, \u00e0 Saragosse (Espagne) dans le but de distribuer les produits de <strong><span style=\"color: #e31d1a;\">PROSISA MEXICO<\/span><\/strong>, une entreprise fond\u00e9e dans les ann\u00e9es 90, et \u00e0 la recherche de nouveaux march\u00e9s tout en conservant la m\u00eame philosophie d&rsquo;entreprise : d\u00e9velopper et fabriquer des formules fertilisantes, biostimulant et substances de base afin d\u2019offrir au secteur agricole les moyens d\u2019am\u00e9liorer les rendements en respectant les principes environnementaux et de sante publique.<\/p><p>Les exigences qualitatives, l\u00e9gislatives et logistiques imposent un changement dans l\u2019entreprise <span style=\"color: #e31d1a;\"><strong>PROSISA EUROPA S.L.<\/strong><\/span> En 2020, un changement de propri\u00e9taire et de direction a \u00e9t\u00e9 r\u00e9alis\u00e9. De cette mani\u00e8re, une consolidation et un renforcement des activit\u00e9 de l&rsquo;entreprise est r\u00e9alis\u00e9, en am\u00e9liorant les lignes de production et toute sorte de ressources afin de transf\u00e9rer les connaissances et le savoir-faire de notre \u00e9quipe multidisciplinaire.<\/p><p>\u00a0<\/p>\t\t\t\t\t\t<\/div>\n\t\t\t\t<\/div>\n\t\t\t\t\t<\/div>\n\t\t<\/div>\n\t\t\t\t\t<\/div>\n\t\t<\/section>\n\t\t\t\t<section class=\"elementor-section elementor-top-section elementor-element elementor-element-a308155 elementor-section-boxed elementor-section-height-default elementor-section-height-default\" data-id=\"a308155\" data-element_type=\"section\">\n\t\t\t\t\t\t<div class=\"elementor-container elementor-column-gap-default\">\n\t\t\t\t\t<div class=\"elementor-column elementor-col-100 elementor-top-column elementor-element elementor-element-b998b3c\" data-id=\"b998b3c\" data-element_type=\"column\">\n\t\t\t<div class=\"elementor-widget-wrap elementor-element-populated\">\n\t\t\t\t\t\t<div class=\"elementor-element elementor-element-e8c9050 elementor-widget elementor-widget-image\" data-id=\"e8c9050\" data-element_type=\"widget\" data-widget_type=\"image.default\">\n\t\t\t\t<div class=\"elementor-widget-container\">\n\t\t\t\t\t\t\t\t\t\t\t\t\t<img fetchpriority=\"high\" decoding=\"async\" width=\"1024\" height=\"291\" src=\"https:\/\/prosisa.es\/wp-content\/uploads\/2022\/01\/faldon-exportacion-fr.jpg\" class=\"attachment-large size-large wp-image-942\" alt=\"\" srcset=\"https:\/\/prosisa.es\/wp-content\/uploads\/2022\/01\/faldon-exportacion-fr.jpg 1024w, https:\/\/prosisa.es\/wp-content\/uploads\/2022\/01\/faldon-exportacion-fr-300x85.jpg 300w, https:\/\/prosisa.es\/wp-content\/uploads\/2022\/01\/faldon-exportacion-fr-768x218.jpg 768w\" sizes=\"(max-width: 1024px) 100vw, 1024px\" \/>\t\t\t\t\t\t\t\t\t\t\t\t\t<\/div>\n\t\t\t\t<\/div>\n\t\t\t\t\t<\/div>\n\t\t<\/div>\n\t\t\t\t\t<\/div>\n\t\t<\/section>\n\t\t\t\t<\/div>\n\t\t","protected":false},"excerpt":{"rendered":"<p>Entreprise PROSISA EUROPA SL a \u00e9t\u00e9 fond\u00e9e en 2007, \u00e0 Saragosse (Espagne) dans le but de distribuer les produits de PROSISA MEXICO, une entreprise fond\u00e9e dans les ann\u00e9es 90, et \u00e0 la recherche de nouveaux march\u00e9s tout en conservant la m\u00eame philosophie d&rsquo;entreprise : d\u00e9velopper et fabriquer des formules fertilisantes, biostimulant et substances de base [&hellip;]<\/p>\n","protected":false},"author":1,"featured_media":0,"parent":0,"menu_order":0,"comment_status":"closed","ping_status":"closed","template":"elementor_header_footer","meta":{"site-sidebar-layout":"no-sidebar","site-content-layout":"page-builder","ast-site-content-layout":"","site-content-style":"default","site-sidebar-style":"default","ast-global-header-display":"","ast-banner-title-visibility":"","ast-main-header-display":"","ast-hfb-above-header-display":"","ast-hfb-below-header-display":"","ast-hfb-mobile-header-display":"","site-post-title":"disabled","ast-breadcrumbs-content":"disabled","ast-featured-img":"disabled","footer-sml-layout":"disabled","theme-transparent-header-meta":"default","adv-header-id-meta":"","stick-header-meta":"","header-above-stick-meta":"","header-main-stick-meta":"","header-below-stick-meta":"","astra-migrate-meta-layouts":"default","ast-page-background-enabled":"default","ast-page-background-meta":{"desktop":{"background-color":"var(--ast-global-color-4)","background-image":"","background-repeat":"repeat","background-position":"center center","background-size":"auto","background-attachment":"scroll","background-type":"","background-media":"","overlay-type":"","overlay-color":"","overlay-gradient":""},"tablet":{"background-color":"","background-image":"","background-repeat":"repeat","background-position":"center center","background-size":"auto","background-attachment":"scroll","background-type":"","background-media":"","overlay-type":"","overlay-color":"","overlay-gradient":""},"mobile":{"background-color":"","background-image":"","background-repeat":"repeat","background-position":"center center","background-size":"auto","background-attachment":"scroll","background-type":"","background-media":"","overlay-type":"","overlay-color":"","overlay-gradient":""}},"ast-content-background-meta":{"desktop":{"background-color":"var(--ast-global-color-5)","background-image":"","background-repeat":"repeat","background-position":"center center","background-size":"auto","background-attachment":"scroll","background-type":"","background-media":"","overlay-type":"","overlay-color":"","overlay-gradient":""},"tablet":{"background-color":"var(--ast-global-color-5)","background-image":"","background-repeat":"repeat","background-position":"center center","background-size":"auto","background-attachment":"scroll","background-type":"","background-media":"","overlay-type":"","overlay-color":"","overlay-gradient":""},"mobile":{"background-color":"var(--ast-global-color-5)","background-image":"","background-repeat":"repeat","background-position":"center center","background-size":"auto","background-attachment":"scroll","background-type":"","background-media":"","overlay-type":"","overlay-color":"","overlay-gradient":""}},"footnotes":""},"class_list":["post-937","page","type-page","status-publish","hentry"],"_links":{"self":[{"href":"https:\/\/prosisa.es\/fr\/wp-json\/wp\/v2\/pages\/937","targetHints":{"allow":["GET"]}}],"collection":[{"href":"https:\/\/prosisa.es\/fr\/wp-json\/wp\/v2\/pages"}],"about":[{"href":"https:\/\/prosisa.es\/fr\/wp-json\/wp\/v2\/types\/page"}],"author":[{"embeddable":true,"href":"https:\/\/prosisa.es\/fr\/wp-json\/wp\/v2\/users\/1"}],"replies":[{"embeddable":true,"href":"https:\/\/prosisa.es\/fr\/wp-json\/wp\/v2\/comments?post=937"}],"version-history":[{"count":7,"href":"https:\/\/prosisa.es\/fr\/wp-json\/wp\/v2\/pages\/937\/revisions"}],"predecessor-version":[{"id":947,"href":"https:\/\/prosisa.es\/fr\/wp-json\/wp\/v2\/pages\/937\/revisions\/947"}],"wp:attachment":[{"href":"https:\/\/prosisa.es\/fr\/wp-json\/wp\/v2\/media?parent=937"}],"curies":[{"name":"wp","href":"https:\/\/api.w.org\/{rel}","templated":true}]}}